{"id":2954,"date":"2019-08-09T11:56:28","date_gmt":"2019-08-09T08:56:28","guid":{"rendered":"http:\/\/hotelliaquarius.fi\/hotel\/?page_id=2954"},"modified":"2026-04-10T16:15:46","modified_gmt":"2026-04-10T13:15:46","slug":"lounaslista","status":"publish","type":"page","link":"https:\/\/hotelliaquarius.fi\/hotel\/lounaslista\/","title":{"rendered":"Lounaslista"},"content":{"rendered":"<div class=\"fusion-fullwidth fullwidth-box fusion-builder-row-1 fusion-flex-container nonhundred-percent-fullwidth non-hundred-percent-height-scrolling\" style=\"background-color: #ffffff;background-position: center center;background-repeat: no-repeat;border-width: 0px 0px 0px 0px;border-color:#eae9e9;border-style:solid;\" ><div class=\"fusion-builder-row fusion-row fusion-flex-align-items-stretch\" style=\"max-width:1248px;margin-left: calc(-4% \/ 2 );margin-right: calc(-4% \/ 2 );\"><div class=\"fusion-layout-column fusion_builder_column fusion-builder-column-0 fusion_builder_column_1_1 1_1 fusion-flex-column fusion-flex-align-self-flex-start fusion-column-no-min-height\"><div class=\"fusion-column-wrapper fusion-flex-justify-content-flex-start fusion-content-layout-column\" style=\"background-position:left top;background-repeat:no-repeat;-webkit-background-size:cover;-moz-background-size:cover;-o-background-size:cover;background-size:cover;padding: 0px 0px 0px 0px;\"><div class=\"fusion-text fusion-text-1\" style=\"transform:translate3d(0,0,0);\"><h3 style=\"text-align: center;\"><strong>HOTELLI AQUARIUKSEN LOUNAS<\/strong><\/h3>\n<p style=\"text-align: center;\">12,90\u20ac\/aikuinen ja 9\u20ac\/lapset alle 12-v<\/p>\n<p style=\"text-align: center;\">10 kpl sarjalounasliput 119\u20ac. Tarjolla ma-pe klo 10.30-14.00<\/p>\n<p style=\"text-align: center;\">Lounas sis\u00e4lt\u00e4\u00e4 salaattip\u00f6yd\u00e4n, veden, kotikaljan, j\u00e4lkiruoan ja kahvin tai teen<\/p>\n<p style=\"text-align: center;\">Raakalihojen alkuper\u00e4maa Suomi\/EU<\/p>\n<\/div><\/div><\/div><style type=\"text\/css\">.fusion-body .fusion-builder-column-0{width:100% !important;margin-top : 0px;margin-bottom : 20px;}.fusion-builder-column-0 > .fusion-column-wrapper {padding-top : 0px !important;padding-right : 0px !important;margin-right : 1.92%;padding-bottom : 0px !important;padding-left : 0px !important;margin-left : 1.92%;}@media only screen and (max-width:1024px) {.fusion-body .fusion-builder-column-0{width:100% !important;order : 0;}.fusion-builder-column-0 > .fusion-column-wrapper {margin-right : 1.92%;margin-left : 1.92%;}}@media only screen and (max-width:640px) {.fusion-body .fusion-builder-column-0{width:100% !important;order : 0;}.fusion-builder-column-0 > .fusion-column-wrapper {margin-right : 1.92%;margin-left : 1.92%;}}<\/style><div class=\"fusion-layout-column fusion_builder_column fusion-builder-column-1 fusion_builder_column_1_2 1_2 fusion-flex-column fusion-flex-align-self-flex-start fusion-column-no-min-height\"><div class=\"fusion-column-wrapper fusion-flex-justify-content-flex-start fusion-content-layout-column\" style=\"background-position:center center;background-repeat:no-repeat;-webkit-background-size:cover;-moz-background-size:cover;-o-background-size:cover;background-size:cover;background-color:#ffffff;padding: 0px 0px 0px 0px;\"><div class=\"fusion-text fusion-text-2\" style=\"transform:translate3d(0,0,0);\"><h3><em>Ma 13.4.<\/em><\/h3>\n<p><em>Punajuuri-smetana possua (L,G)<\/em><\/p>\n<p><em>Paneroitu mausteinen kanan sis\u00e4file, limemajoneesi (L)<\/em><\/p>\n<p><em>Perunamuusi (L,G)<\/em><\/p>\n<p><em>Paistetut perunat (L,G)<\/em><\/p>\n<p><em>J\u00e4lkiruoka: Suklaamousse (L,G)<\/em><\/p>\n<p><em>\u00a0<\/em><\/p>\n<h3><em>Ti 14.4.<\/em><\/h3>\n<p><em>Ylikyps\u00e4\u00e4 porsaanlapaa, kermainen viherpippuri kastike \u00a0(L, G)<\/em><\/p>\n<p><em>Balsamico kanaa \u00a0(M, G)<\/em><\/p>\n<p><em>Perunamuusi (L, G)<\/em><\/p>\n<p><em>Riisi (M, G)<\/em><\/p>\n<p><em>J\u00e4lkiruoka: Marjakiisseli ja kermavaahtoa (L, G)<\/em><\/p>\n<p><em>\u00a0<\/em><\/p>\n<h3><strong><em>Ke 15.4.<\/em><\/strong><\/h3>\n<p><em>Kanaa Cordon Bleu<\/em><\/p>\n<p><em>Riistapy\u00f6ryk\u00e4t, pekoni -punaviinikastike (L,G)<\/em><\/p>\n<p><em>Perunamuusi (L, G)<\/em><\/p>\n<p><em>Smetana perunat (L,G)<\/em><\/p>\n<p><em>J\u00e4lkiruoka: Daimvaahto (G)<\/em><\/p>\n<\/div><\/div><\/div><style type=\"text\/css\">.fusion-body .fusion-builder-column-1{width:50% !important;margin-top : 0px;margin-bottom : 20px;}.fusion-builder-column-1 > .fusion-column-wrapper {padding-top : 0px !important;padding-right : 0px !important;margin-right : 3.84%;padding-bottom : 0px !important;padding-left : 0px !important;margin-left : 3.84%;}@media only screen and (max-width:1024px) {.fusion-body .fusion-builder-column-1{width:50% !important;}.fusion-builder-column-1 > .fusion-column-wrapper {margin-right : 3.84%;margin-left : 3.84%;}}@media only screen and (max-width:640px) {.fusion-body .fusion-builder-column-1{width:100% !important;}.fusion-builder-column-1 > .fusion-column-wrapper {margin-right : 1.92%;margin-left : 1.92%;}}<\/style><div class=\"fusion-layout-column fusion_builder_column fusion-builder-column-2 fusion_builder_column_1_2 1_2 fusion-flex-column fusion-flex-align-self-flex-start fusion-column-no-min-height\"><div class=\"fusion-column-wrapper fusion-flex-justify-content-flex-start fusion-content-layout-column\" style=\"background-position:center center;background-repeat:no-repeat;-webkit-background-size:cover;-moz-background-size:cover;-o-background-size:cover;background-size:cover;background-color:#ffffff;padding: 0px 0px 0px 0px;\"><div class=\"fusion-text fusion-text-3\" style=\"transform:translate3d(0,0,0);\"><h3><em>To 16.4.<\/em><\/h3>\n<p><em>Hernekeitto (M, G)<\/em><\/p>\n<p><em>Pekingin ankkaa(M, G)<\/em><\/p>\n<p><em>Juusto kuorrutetut uunimakkarat (L,G)<\/em><\/p>\n<p><em>Perunamuusi (L, G)<\/em><\/p>\n<p><em>Riisi (M, G)<\/em><\/p>\n<p><em>J\u00e4lkiruoka: Pannukakku, hillo ja kermavaahtoa (L)<\/em><\/p>\n<p><em>\u00a0<\/em><\/p>\n<h3><em>Pe 17.4.<\/em><\/h3>\n<p><em>Pizza: Jauheliha, punasipuli, BBQ (L)<\/em><\/p>\n<p><em>Kana-nuudeliwokki (L)<\/em><\/p>\n<p><em>Teksasilainen possu chili (M, G)<\/em><\/p>\n<p><em>Riisi (M, G)<\/em><\/p>\n<p><em>Paistetut perunat (L,G)<\/em><\/p>\n<p><em>J\u00e4lkiruoka: Mokkapalat (L)<\/em><\/p>\n<h3><\/h3>\n<p><em>Viikon kasvisruoka lautastarjoiluna:<\/em><\/p>\n<p><em>\u00a0Kasviscurry tofulla, riisi (L,G)<\/em><\/p>\n<p>-MUUTOKSET MAHDOLLISIA-<\/p>\n<\/div><\/div><\/div><style type=\"text\/css\">.fusion-body .fusion-builder-column-2{width:50% !important;margin-top : 0px;margin-bottom : 20px;}.fusion-builder-column-2 > .fusion-column-wrapper {padding-top : 0px !important;padding-right : 0px !important;margin-right : 3.84%;padding-bottom : 0px !important;padding-left : 0px !important;margin-left : 3.84%;}@media only screen and (max-width:1024px) {.fusion-body .fusion-builder-column-2{width:50% !important;order : 0;}.fusion-builder-column-2 > .fusion-column-wrapper {margin-right : 3.84%;margin-left : 3.84%;}}@media only screen and (max-width:640px) {.fusion-body .fusion-builder-column-2{width:100% !important;order : 0;}.fusion-builder-column-2 > .fusion-column-wrapper {margin-right : 1.92%;margin-left : 1.92%;}}<\/style><div class=\"fusion-layout-column fusion_builder_column fusion-builder-column-3 fusion_builder_column_1_2 1_2 fusion-flex-column fusion-flex-align-self-flex-start fusion-column-no-min-height\"><div class=\"fusion-column-wrapper fusion-flex-justify-content-flex-start fusion-content-layout-column\" style=\"background-position:left top;background-repeat:no-repeat;-webkit-background-size:cover;-moz-background-size:cover;-o-background-size:cover;background-size:cover;padding: 0px 0px 0px 0px;\"><div class=\"fusion-text fusion-text-4\" style=\"transform:translate3d(0,0,0);\"><p><!--\n\n\n\n\n<h3 style=\"text-align: left;\"><strong>Tilaa lounaslista s\u00e4hk\u00f6postiin.<\/strong><\/h3>\n\n\n\n\n&#091;gravityform id=\"27\" title=\"false\" description=\"true\"&#093; --><\/p>\n<\/div><\/div><\/div><style type=\"text\/css\">.fusion-body .fusion-builder-column-3{width:50% !important;margin-top : 0px;margin-bottom : 20px;}.fusion-builder-column-3 > .fusion-column-wrapper {padding-top : 0px !important;padding-right : 0px !important;margin-right : 3.84%;padding-bottom : 0px !important;padding-left : 0px !important;margin-left : 3.84%;}@media only screen and (max-width:1024px) {.fusion-body .fusion-builder-column-3{width:50% !important;}.fusion-builder-column-3 > .fusion-column-wrapper {margin-right : 3.84%;margin-left : 3.84%;}}@media only screen and (max-width:640px) {.fusion-body .fusion-builder-column-3{width:100% !important;}.fusion-builder-column-3 > .fusion-column-wrapper {margin-right : 1.92%;margin-left : 1.92%;}}<\/style><\/div><style type=\"text\/css\">.fusion-body .fusion-flex-container.fusion-builder-row-1{ padding-top : 0px;margin-top : 0px;padding-right : 0px;padding-bottom : 0px;margin-bottom : 0px;padding-left : 0px;}<\/style><\/div>\n","protected":false},"excerpt":{"rendered":"","protected":false},"author":1,"featured_media":0,"parent":0,"menu_order":0,"comment_status":"closed","ping_status":"closed","template":"","meta":{"footnotes":""},"class_list":["post-2954","page","type-page","status-publish","hentry"],"_links":{"self":[{"href":"https:\/\/hotelliaquarius.fi\/hotel\/wp-json\/wp\/v2\/pages\/2954","targetHints":{"allow":["GET"]}}],"collection":[{"href":"https:\/\/hotelliaquarius.fi\/hotel\/wp-json\/wp\/v2\/pages"}],"about":[{"href":"https:\/\/hotelliaquarius.fi\/hotel\/wp-json\/wp\/v2\/types\/page"}],"author":[{"embeddable":true,"href":"https:\/\/hotelliaquarius.fi\/hotel\/wp-json\/wp\/v2\/users\/1"}],"replies":[{"embeddable":true,"href":"https:\/\/hotelliaquarius.fi\/hotel\/wp-json\/wp\/v2\/comments?post=2954"}],"version-history":[{"count":389,"href":"https:\/\/hotelliaquarius.fi\/hotel\/wp-json\/wp\/v2\/pages\/2954\/revisions"}],"predecessor-version":[{"id":6961,"href":"https:\/\/hotelliaquarius.fi\/hotel\/wp-json\/wp\/v2\/pages\/2954\/revisions\/6961"}],"wp:attachment":[{"href":"https:\/\/hotelliaquarius.fi\/hotel\/wp-json\/wp\/v2\/media?parent=2954"}],"curies":[{"name":"wp","href":"https:\/\/api.w.org\/{rel}","templated":true}]}}