{"id":2355,"date":"2018-05-26T01:09:59","date_gmt":"2018-05-25T22:09:59","guid":{"rendered":"http:\/\/www.hotelliaquarius.fi\/?page_id=2355"},"modified":"2018-05-26T01:09:59","modified_gmt":"2018-05-25T22:09:59","slug":"rekisteriseloste-ja-evasteet","status":"publish","type":"page","link":"https:\/\/hotelliaquarius.fi\/hotel\/rekisteriseloste-ja-evasteet\/","title":{"rendered":"Rekisteriseloste ja ev\u00e4steet"},"content":{"rendered":"<p>http:\/\/www.hotelliaquarius.fi\/avaa-kabir-oy-tallentavan-kameravalvonnan-rekisteriseloste\/<\/p>\n<p>http:\/\/www.hotelliaquarius.fi\/kabir-oyn-asiakasrekisteri\/<\/p>\n<p>http:\/\/www.hotelliaquarius.fi\/markkinointirekisteri\/<\/p>\n<p>&nbsp;<\/p>\n<p><strong>TIETOJA EV\u00c4STEIST\u00c4 (COOKIES)<\/strong><br \/>\n<strong>Ev\u00e4ste on<\/strong>\u00a0pieni\u00a0tiedosto, joka tallentuu k\u00e4ytt\u00e4j\u00e4n verkkoselaimeen. Ev\u00e4steit\u00e4 on kahdenlaisia: istuntokohtaisia\u00a0ja pysyvi\u00e4. Istuntokohtaiset ev\u00e4steet ovat olemassa vain istunnon ajan ja ne poistetaan automaattisesti kun selain suljetaan.<\/p>\n<p>Pysyv\u00e4t ev\u00e4steet ovat olemassa m\u00e4\u00e4r\u00e4tyn ajan ja ne j\u00e4\u00e4v\u00e4t tietokoneelle my\u00f6s istunnon loppumisen j\u00e4lkeen ellet itse niit\u00e4 poista. Verkkopalveluissamme k\u00e4ytet\u00e4\u00e4n sek\u00e4 istuntokohtaisia ett\u00e4 pysyvi\u00e4 ev\u00e4steit\u00e4. Ev\u00e4steet eiv\u00e4t vahingoita tietokonettasi tai tiedostojasi.<\/p>\n<p>Nettisivumme k\u00e4ytt\u00e4\u00e4\u00a0mm. Googlen tuottamia\u00a0\u2013ev\u00e4steit\u00e4. Ev\u00e4steiden avulla pystymme selvitt\u00e4m\u00e4\u00e4n esimerkiksi\u00a0mit\u00e4 sivuja ja toimintoja k\u00e4vij\u00e4t k\u00e4ytt\u00e4v\u00e4t ja kuinka paljon aikaa he kullakin sivulla viett\u00e4v\u00e4t. N\u00e4iden tietojen avulla pystymme tuottamaan entist\u00e4 yksil\u00f6llisempi\u00e4 palveluita ja parantamaan juuri Sinun k\u00e4ytt\u00f6kokemusta.<\/p>\n<p><strong>K\u00e4yt\u00e4mme ev\u00e4steit\u00e4 palveluidemme toiminnallisuuden mahdollistamiseen.<\/strong>\u00a0Ev\u00e4steiden avulla voimme my\u00f6s ker\u00e4t\u00e4 tietoa sivustoillamme vierailevien k\u00e4ytt\u00e4jien p\u00e4\u00e4telaitteista ja verkkoselaimesta. Ev\u00e4ste sis\u00e4lt\u00e4\u00e4 ainoastaan yksil\u00f6llisen, istuntokohtaisen tunnuksen jonka avulla voidaan tunnistaa\u00a0sivustolla vieraileva verkkoselain.<\/p>\n<p>Esimerkiksi ev\u00e4steiden avulla pystymme selvitt\u00e4m\u00e4\u00e4n, mitk\u00e4 mainokset olet jo n\u00e4hnyt\u00a0ja n\u00e4in et saa aina samaa mainosta uudelleen. Ev\u00e4steiden avulla\u00a0pystymme tekem\u00e4\u00e4n sinulle tarpeitasi entist\u00e4 paremmin vastaavaa sis\u00e4lt\u00f6\u00e4 ja\u00a0materiaali\u00a0on tarkoituksenmukaisempaa sek\u00e4 kohdistetumpaa.<\/p>\n<p>Voimme k\u00e4ytt\u00e4\u00e4 my\u00f6s kolmansien osapuolten hallitsemia mainontaev\u00e4steit\u00e4 esitell\u00e4ksemme\u00a0kohdennettua\u00a0 mainontaa tuotteitamme sek\u00e4 omilla ett\u00e4 muiden osapuolten sivustoilla. Voit poistaa k\u00e4yt\u00f6st\u00e4 tietyt kolmansien osapuolten hallitsemat mainontaev\u00e4steet kolmansien osapuolten hallintasivustoilta. N\u00e4it\u00e4 ovat mm. Google DoubleClick.<\/p>\n<p><strong>L\u00e4hes kaikissa verkkoselaimissa on mahdollista est\u00e4\u00e4 kolmansilta osapuolilta tulevat ev\u00e4steet.\u00a0<\/strong>Toimenpide tehd\u00e4\u00e4n selaimen asetuksista ja se est\u00e4\u00e4 kaikkien kolmansien osapuolten ev\u00e4steet. Voit my\u00f6s tyhjent\u00e4\u00e4 ev\u00e4steet\u00a0verkkoselaimen asetuksista. T\u00e4ll\u00f6in ev\u00e4ste, joka on asetettu selaimeen ja siihen perustuva tieto tuhoutuu.\u00a0 Ev\u00e4steet voivat olla tarpeellisia joidenkin palveluiden toimivuudelle (varaukset, palautteet, osto), joten Hotelli Aquarius ei takaa kaikkien palveluiden toimivuutta, jos ev\u00e4stetoiminnallisuus ei ole k\u00e4yt\u00f6ss\u00e4. Hotelli Aquarius ei k\u00e4sittele henkil\u00f6tietoja ev\u00e4steiss\u00e4\u00e4n.<\/p>\n<p><strong>K\u00e4ytt\u00e4m\u00e4ll\u00e4 verkkosivujamme annat suostumuksesi edell\u00e4 kuvatun kaltaiseen tietojenk\u00e4sittelyyn ja hyv\u00e4ksyt, ett\u00e4 voimme:<\/strong><br \/>\n\u2013 Ker\u00e4t\u00e4 tietoa verkkosivuston k\u00e4yt\u00f6st\u00e4, esimerkiksi vierailujen m\u00e4\u00e4r\u00e4 ja vieraillut sivut.<br \/>\n\u2013 Tallentaa tietoa, mill\u00e4 selaimella ja laitteella verkkosivuillamme vieraillaan.<br \/>\n\u2013 Kohdentaa verkkosivujen sis\u00e4lt\u00f6\u00e4 aikaisempien vierailujen pohjalta ker\u00e4\u00e4miemme tietojen perusteella.<\/p>\n<p>Ev\u00e4steit\u00e4 voidaan k\u00e4ytt\u00e4\u00e4 my\u00f6s k\u00e4ytt\u00e4j\u00e4n kiinnostusten kohteiden perusteella kohdennetun, tuotteisiimme ja palveluihimme liittyv\u00e4n mainonnan tuottamiseen muilla verkkosivuilla Internetiss\u00e4.<\/p>\n<p>Voit aina\u00a0my\u00f6s est\u00e4\u00e4 ev\u00e4steiden k\u00e4yt\u00f6n.\u00a0Lis\u00e4tietoja selainkohtaisista k\u00e4ytt\u00f6ohjeista saat selaimesi\u00a0valmistajan ohjeista.<\/p>\n<p><strong>Linkkej\u00e4\u00a0k\u00e4ytetyimpien selainten ev\u00e4ste-asetuksiin:<\/strong><br \/>\n\u2013\u00a0<a href=\"https:\/\/support.microsoft.com\/fi-fi\/help\/17442\/windows-internet-explorer-delete-manage-cookies\" target=\"_blank\" rel=\"noopener\">Internet Explorer<\/a>\u00a0\u2013\u00a0<a href=\"https:\/\/support.mozilla.org\/fi\/kb\/evasteet-tiedot-jotka-verkkosivu-tallentaa\" target=\"_blank\" rel=\"noopener\">Firefox<\/a>\u00a0\u2013\u00a0<a href=\"https:\/\/support.google.com\/chrome\/answer\/95647?hl=fi\" target=\"_blank\" rel=\"noopener\">Chrome<\/a>\u00a0\u2013\u00a0<a href=\"https:\/\/support.apple.com\/kb\/PH21411?locale=fi_FI&amp;viewlocale=fi_FI\" target=\"_blank\" rel=\"noopener\">Safari<\/a><\/p>\n<p><strong>Tekij\u00e4noikeudet<\/strong><br \/>\nOikeudet sivustossa julkaistavaan aineistoon ovat tekij\u00e4noikeuslain ja siihen my\u00f6hemmin tehtyjen muutosten mukaisesti Hotelli Aquariuksella. Kaikki oikeudet pid\u00e4tet\u00e4\u00e4n. Hotelli Aquarius ei vastaa sivuston sis\u00e4ll\u00f6n mahdollisten virheiden aiheuttamista vahingoista. Hotelli Aquarius ei my\u00f6sk\u00e4\u00e4n ole vastuussa sellaisesta haitasta, joka johtuu teknisist\u00e4 h\u00e4iri\u00f6ist\u00e4 tai sivustoon linkitetyst\u00e4 materiaalista, joka on ulkopuolisten osapuolten julkaisemaa.<\/p>\n<p><strong>S\u00e4hk\u00f6postimarkkinointi<\/strong><br \/>\nHotelli\u00a0Aquariuksen s\u00e4hk\u00f6postitse l\u00e4hett\u00e4miss\u00e4 uutiskirjeiss\u00e4\u00a0www-sivustolle osoittavat linkit voi olla varustettu joko yksil\u00f6llisill\u00e4 tai kampanjakohtaisilla seurantakoodeilla, joiden avulla arvioidaan tehoa ja kohdistumista. Kaikissa uutiskirjeiss\u00e4 on linkki jolla voi poistua l\u00e4hetyslistalta.<\/p>\n<p><strong>Sivustoa koskevaa palautetta, kysymyksi\u00e4 voi l\u00e4hett\u00e4\u00e4 s\u00e4hk\u00f6postitse osoitteeseen hotelli@hotelliaquarius.fi<\/strong><\/p>\n<p>Lis\u00e4tietoja ev\u00e4steist\u00e4 ja verkkopalveluiden turvallisesta k\u00e4yt\u00f6st\u00e4 voit lukea\u00a0<a href=\"https:\/\/www.viestintavirasto.fi\/\">Viestint\u00e4viraston sivuilta.<\/a><\/p>\n","protected":false},"excerpt":{"rendered":"<p>http:\/\/www.hotelliaquarius.fi\/avaa-kabir-oy-tallentavan-kameravalvonnan-rekisteriseloste\/ http:\/\/www.hotelliaquarius.fi\/kabir-oyn-asiakasrekisteri\/ http:\/\/www.hotelliaquarius.fi\/markkinointirekisteri\/ &nbsp; TIETOJA EV\u00c4STEIST\u00c4 (COOKIES) Ev\u00e4ste on\u00a0pieni\u00a0tiedosto, joka [&hellip;]<\/p>\n","protected":false},"author":1,"featured_media":0,"parent":0,"menu_order":0,"comment_status":"closed","ping_status":"closed","template":"","meta":{"footnotes":""},"class_list":["post-2355","page","type-page","status-publish","hentry"],"_links":{"self":[{"href":"https:\/\/hotelliaquarius.fi\/hotel\/wp-json\/wp\/v2\/pages\/2355","targetHints":{"allow":["GET"]}}],"collection":[{"href":"https:\/\/hotelliaquarius.fi\/hotel\/wp-json\/wp\/v2\/pages"}],"about":[{"href":"https:\/\/hotelliaquarius.fi\/hotel\/wp-json\/wp\/v2\/types\/page"}],"author":[{"embeddable":true,"href":"https:\/\/hotelliaquarius.fi\/hotel\/wp-json\/wp\/v2\/users\/1"}],"replies":[{"embeddable":true,"href":"https:\/\/hotelliaquarius.fi\/hotel\/wp-json\/wp\/v2\/comments?post=2355"}],"version-history":[{"count":0,"href":"https:\/\/hotelliaquarius.fi\/hotel\/wp-json\/wp\/v2\/pages\/2355\/revisions"}],"wp:attachment":[{"href":"https:\/\/hotelliaquarius.fi\/hotel\/wp-json\/wp\/v2\/media?parent=2355"}],"curies":[{"name":"wp","href":"https:\/\/api.w.org\/{rel}","templated":true}]}}